{"id":236,"date":"2023-07-07T09:02:06","date_gmt":"2023-07-07T07:02:06","guid":{"rendered":"https:\/\/www.farmedico.com\/?page_id=236"},"modified":"2024-04-08T12:02:18","modified_gmt":"2024-04-08T10:02:18","slug":"informativa-sulla-privacy","status":"publish","type":"page","link":"https:\/\/associazioni-stage.justbit.website\/?page_id=236","title":{"rendered":"Informativa sulla privacy"},"content":{"rendered":"<p style=\"font-weight: 400;\"><strong>INFORMATIVA AL TRATTAMENTO DEI DATI PERSONALI <\/strong><strong>AI SENSI DEGLI ARTT. 13-14 DEL REG. 679\/2016 <\/strong><strong>DEL SITO WEB WWW.FARMEDICO.COM<\/strong><\/p>\n<p style=\"font-weight: 400;\">La societ\u00e0 Farmedico s.r.l., P.IVA: 05909480872, C.F.: 05909480872\u00a0\u00a0 con sede in Catania alla via Francesco Guglielmino, 27, e-mail info@farmedico.com (di seguito il \u201c<strong>Titolare<\/strong>\u201d o \u201c<strong>Farmedico<\/strong>\u201d) in qualit\u00e0 di Titolare del trattamento \u00e8 lieta di informarLa sull\u2019utilizzo dei Suoi dati personali effettuato tramite il sito <a href=\"https:\/\/associazioni-stage.justbit.website\/\">www.farmedico.com<\/a> e la relativa area riservata (d\u2019ora in poi anche \u201cil <strong>Sito<\/strong>\u201d), nonch\u00e9 di informarLa sui Suoi diritti in qualit\u00e0 di Interessato al trattamento.<\/p>\n<p style=\"font-weight: 400;\">Il GDPR richiede che il trattamento dei dati dell\u2019individuo sia improntato ai principi di correttezza, liceit\u00e0, trasparenza e tuteli la riservatezza ed i diritti dei singoli interessati. Per una corretta comprensione dei termini seguenti, La invitiamo a consultare le Pagine Informative del Garante per la privacy:<a href=\"https:\/\/www.garanteprivacy.it\/regolamentoue\">https:\/\/www.garanteprivacy.it\/regolamentoue<\/a>.<\/p>\n<p style=\"font-weight: 400;\">Per prendere visione del testo del GDPR pu\u00f2 consultare il sito seguente: <a href=\"https:\/\/eur-lex.europa.eu\/legal-content\/IT\/TXT\/HTML\/?uri=CELEX:32016R0679&amp;from=IT\">https:\/\/eur-lex.europa.eu\/legal-content\/IT\/TXT\/HTML\/?uri=CELEX:32016R0679&amp;from=IT<\/a>.<\/p>\n<p style=\"font-weight: 400;\">Per prendere visione del D.Lgs. 196\/2003 (Codice della Privacy) nella sua ultima versione, pu\u00f2 consultare il sito seguente: <a href=\"https:\/\/www.garanteprivacy.it\/web\/guest\/codice\">https:\/\/www.garanteprivacy.it\/web\/guest\/codice<\/a>.<\/p>\n<ol>\n<li style=\"font-weight: 400;\"><strong> TITOLARE DEL TRATTAMENTO <\/strong><\/li>\n<\/ol>\n<p style=\"font-weight: 400;\">Titolare del trattamento \u00e8 la societ\u00e0 Farmedico s.r.l. come sopra indicata, nella qualit\u00e0 del legale rappresentante pro tempore. \u00c8 possibile contattare il Titolare tramite posta elettronica all\u2019indirizzo info@farmedico.com<\/p>\n<p style=\"font-weight: 400;\">La informiamo che, quanto all\u2019esercizio dei Suoi diritti elencati al punto 4 della presente informativa, \u00e8 possibile contattare il Titolare del trattamento scrivendo all\u2019indirizzo e-mail: <a href=\"mailto:privacy@farmedico.com\">privacy@farmedico.com<\/a>.<\/p>\n<ol start=\"2\">\n<li style=\"font-weight: 400;\"><strong> FINALIT\u00c0 DEL TRATTAMENTO, MODALIT\u00c0 DEL TRATTAMENTO, BASE LEGALE, TEMPI DI CONSERVAZIONE DEI DATI<\/strong><\/li>\n<\/ol>\n<p style=\"font-weight: 400;\">Il trattamento dei dati che Le verranno richiesti verr\u00e0 svolto per quanto segue:<\/p>\n<table style=\"font-weight: 400;\" width=\"707\">\n<tbody>\n<tr>\n<td colspan=\"4\" width=\"707\"><strong>TRATTAMENTI DEI DATI PERSONALI IN QUALIT\u00c0 DI TITOLARE DEL TRATTAMENTO<\/strong><\/td>\n<\/tr>\n<tr>\n<td colspan=\"2\" width=\"376\">FINALIT\u00c0 DEL TRATTAMENTO<\/td>\n<td width=\"159\">BASE LEGALE<\/td>\n<td width=\"172\">TEMPI DI CONSERVAZIONE DEI DATI<\/td>\n<\/tr>\n<tr>\n<td width=\"49\">1<\/td>\n<td width=\"327\">Navigazione sul sito <a href=\"https:\/\/associazioni-stage.justbit.website\/\">www.farmedico.com<\/a><\/td>\n<td width=\"159\">Interesse legittimo prevalente di Farmedico per potere consentire la navigazione sul Sito<\/td>\n<td width=\"172\">Per tutta la durata di navigazione e utilizzo del Sito<\/td>\n<\/tr>\n<tr>\n<td width=\"49\">2<\/td>\n<td width=\"327\">Garantire la sicurezza delle reti e dell&#8217;informazioni pertinenti al Sito utilizzando, in misura strettamente necessaria e proporzionata, i dati personali relativi al traffico web (indirizzi IP, email, log, ecc.)<\/td>\n<td width=\"159\">Interesse legittimo prevalente di Farmedico per garantire la sicurezza delle reti e dell\u2019informazioni pertinenti al Sito<\/td>\n<td width=\"172\">Per 6 (sei) mesi dalla raccolta dei dati.<\/td>\n<\/tr>\n<tr>\n<td width=\"49\">3<\/td>\n<td width=\"327\">Consentire la registrazione all\u2019area riservata del Sito e la fornitura dei servizi di Farmedico (ad es. mettere in comunicazione medico\/farmacista e paziente o viceversa, consentire la fornitura e l\u2019archiviazione delle ricette mediche, ecc.)<\/td>\n<td width=\"159\">Esecuzione contrattuale<\/td>\n<td width=\"172\">Per tutta la durata del contratto di servizi con Farmedico<\/td>\n<\/tr>\n<tr>\n<td width=\"49\">4<\/td>\n<td width=\"327\">Consentire il trasferimento dei Suoi dati personali a soggetti terzi rispetto a Farmedico al fine di ricevere newsletter e in generale comunicazioni commerciali da parte di soggetti terzi<\/td>\n<td width=\"159\">Consenso<\/td>\n<td width=\"172\">Per 24 mesi, salvo eventuale revoca del consenso, sempre possibile<\/td>\n<\/tr>\n<tr>\n<td width=\"49\">5<\/td>\n<td width=\"327\">Inviare esclusivamente tramite posta elettronica comunicazioni commerciali relativi a servizi analoghi a quelli da Lei acquistati sul Sito<\/td>\n<td width=\"159\">Interesse legittimo di Farmedico sulla base di quanto accordato dall\u2019art. 130 c.4 (soft-spam) del D.Lgs. 196\/2003 (legge privacy)<\/td>\n<td width=\"172\">Per 24 mesi dall&#8217;ultimo acquisto effettuato, salvo opposizione o revoca del consenso a fini promozionali<\/td>\n<\/tr>\n<tr>\n<td width=\"49\">6<\/td>\n<td width=\"327\">Adempimenti derivanti da leggi, da regolamenti e dalla normativa comunitaria<\/td>\n<td width=\"159\">Obbligo normativo<\/td>\n<td width=\"172\">Per tutta la durata prevista dalle leggi applicabili<\/td>\n<\/tr>\n<tr>\n<td width=\"49\">7<\/td>\n<td width=\"327\">Analisi statistiche e ricerche di mercato in forma anonima e\/o aggregata<\/td>\n<td width=\"159\">Interesse legittimo prevalente di Farmedico necessario per svolgere analisi statistiche e ricerche di mercato in forma anonima e\/o aggregata<\/td>\n<td width=\"172\">24 (ventiquattro) mesi dalla raccolta del dato<\/td>\n<\/tr>\n<tr>\n<td width=\"49\">8<\/td>\n<td width=\"327\">Eventuale accertamento, difesa o esercizio di un diritto in giudizio<\/td>\n<td width=\"159\">Interesse legittimo di Farmedico considerato prevalente per autotutela o tutela di un terzo in sede giudiziaria<\/td>\n<td width=\"172\">Per tutta la durata di prescrizione prevista dalla legge applicabile<\/p>\n<p>(es. 10 anni di prescrizione civile)<\/td>\n<\/tr>\n<\/tbody>\n<\/table>\n<p style=\"font-weight: 400;\">Con riferimento alle modalit\u00e0 del trattamento dei suoi dati personali, Farmedico La informa che i trattamenti sopra descritti saranno effettuati esclusivamente in formato elettronico e nel rispetto delle misure di sicurezza previste dalla normativa vigente (comportando l\u2019uso di software, hardware, reti informatiche debitamente protette).<\/p>\n<ol start=\"3\">\n<li style=\"font-weight: 400;\"><strong> DESTINATARI DEL TRATTAMENTO<\/strong><\/li>\n<\/ol>\n<p style=\"font-weight: 400;\">Il Titolare del trattamento potr\u00e0 a sua volta comunicare i Suoi dati personali ai seguenti soggetti, nella misura strettamente necessaria per il raggiungimento delle finalit\u00e0 predette, tutti con sede nella Comunit\u00e0 Europea\/Spazio Economico Europeo (salvo diversa indicazione):<\/p>\n<ol>\n<li>Ad autorizzati e designati interni del Titolare del trattamento;<\/li>\n<li>Ad organismi di coordinamento, supervisione e gestione delle reti Internet, nazionali ed esteri, oltre che delle reti di comunicazione e telefoniche;<\/li>\n<\/ol>\n<ul>\n<li>Alle societ\u00e0 e professionisti di cui il Titolare si avvale per consulenze o assistenza nello svolgimento della propria attivit\u00e0 d\u2019impresa, oltre che della gestione del sito web, in particolare quanto a fornitori di servizi professionali (webmaster, amministrativi, fiscali, legali, giuslavoristici, ecc.);<\/li>\n<\/ul>\n<ol>\n<li>Ai terzi della P.A. (ad es. enti pubblici o autorit\u00e0 dello Stato) qualora ci\u00f2 sia necessario per lo svolgimento dell\u2019attivit\u00e0 del Titolare in base alle finalit\u00e0 suddette;<\/li>\n<li>Previo suo consenso, a societ\u00e0 terze rispetto a Farmedico per la ricezione di comunicazioni commerciali come descritto al trattamento n.4 della tabella di cui al punto 2 della presente informativa \u201cFINALIT\u00c0 DEL TRATTAMENTO, MODALIT\u00c0 DEL TRATTAMENTO, BASE LEGALE, TEMPI DI CONSERVAZIONE DEI DATI\u201d).<\/li>\n<\/ol>\n<p style=\"font-weight: 400;\">Salvo diversa indicazione specifica, i dati non saranno trasferiti o trattati al di fuori della Comunit\u00e0 Europea o altro luogo considerato non adeguato alla normativa comunitaria in materia.<\/p>\n<p style=\"font-weight: 400;\"><u>La informiamo che il Titolare ha accuratamente definito i rapporti con i soggetti terzi che vengono qualificati come Responsabili del trattamento o Titolari autonomi. Relativamente ai rapporti coi Responsabili del trattamento, la Societ\u00e0 ha provveduto a disciplinare un contratto o da altro atto giuridico a norma del diritto dell&#8217;Unione o degli Stati membri, che vincoli il Responsabile del trattamento a Farmedico<\/u> (in qualit\u00e0 di Titolare del trattamento) e che stipuli la materia disciplinata e la durata del trattamento, la natura e la finalit\u00e0 del trattamento, il tipo di dati personali e le categorie di interessati, gli obblighi e i diritti del titolare del trattamento.<\/p>\n<p style=\"font-weight: 400;\">Pu\u00f2 richiedere un elenco dei Responsabili del trattamento contattando il titolare all\u2019indirizzo di posta elettronica <a href=\"mailto:privacy@farmedico.com\">privacy@farmedico.com<\/a>.<\/p>\n<ol start=\"4\">\n<li style=\"font-weight: 400;\"><strong> I SUOI DIRITTI IN QUALIT\u00c0 DI INTERESSATO AL TRATTAMENTO<\/strong><\/li>\n<\/ol>\n<p style=\"font-weight: 400;\">Il Titolare La informa che potr\u00e0 sempre far valere i diritti a Lei spettanti in qualit\u00e0 di interessato al trattamento. Tali diritti sono indicati agli artt. 15-22 GDPR e si riportano di seguito:<\/p>\n<ol>\n<li>diritto di chiedere <strong>l&#8217;accesso<\/strong> ai dati personali, chiedendo conferma o meno della loro esistenza nonch\u00e9 la <strong>rettifica<\/strong> o la <strong>cancellazione<\/strong> degli stessi o la <strong>limitazione<\/strong> (blocco temporaneo) del trattamento che ti riguardano;<\/li>\n<li><strong>DIRITTO DI OPPORSI IN QUALSIASI MOMENTO AL LORO TRATTAMENTO PER MOTIVI CONNESSI ALLA SUA SITUAZIONE PARTICOLARE IN CASO: I) DI TRATTAMENTO NECESSARIO PER L\u2019ESECUZIONE DI UN COMPITO DI INTERESSE PUBBLICO O CONNESSO ALL\u2019ESERCIZIO DI PUBBLICI POTERI, OPPURE II) IN CASO DI PERSEGUIMENTO DI LEGITTIMO INTERESSE DEL TITOLARE;<\/strong><\/li>\n<li>se \u00e8 stato fornito il consenso per una o pi\u00f9 specifiche finalit\u00e0, il diritto di <strong>revocare<\/strong> tale consenso in qualsiasi momento;<\/li>\n<li>diritto alla <strong>portabilit\u00e0<\/strong> dei dati personali (per quelli con base legale di esecuzione contrattuale o consensuale) mediante richiesta al titolare, a mezzo di comunicazione di un file in formato di comune utilizzo, o analogo formato aperto interoperabile, a seconda del tipo di dati richiesti;<\/li>\n<li>diritto di proporre <strong>reclamo<\/strong> alla seguente Autorit\u00e0 di Controllo: Garante per la protezione dei dati personali (<a href=\"http:\/\/www.garanteprivacy.it\/\">http:\/\/www.garanteprivacy.it<\/a>); si ha comunque facolt\u00e0 di proporre alternativamente reclamo all\u2019autorit\u00e0 di controllo competente dello Stato membro ove risiedi abitualmente, lavori o del luogo ove si \u00e8 verificata la presunta violazione.<\/li>\n<\/ol>\n<p style=\"font-weight: 400;\">Ricordiamo inoltre che \u00e8 possibile contattare il Titolare del trattamento per chiedere informazioni sul test di bilanciamento inerente l\u2019interesse legittimo nei casi in cui tale base giuridica venga utilizzata per il trattamento dei Suoi dati (trattamenti numeri 1,2,5,7,8 indicati nella tabella al punto 2 della presente informativa \u201cFINALIT\u00c0 DEL TRATTAMENTO, MODALIT\u00c0 DEL TRATTAMENTO, BASE LEGALE, TEMPI DI CONSERVAZIONE DEI DATI\u201d).<\/p>\n<ol start=\"5\">\n<li style=\"font-weight: 400;\"><strong> FONTE DELLA RACCOLTA DEI DATI E TIPOLOGIA DEI DATI TRATTATI<\/strong><\/li>\n<\/ol>\n<p style=\"font-weight: 400;\">I dati raccolti da Farmedico in qualit\u00e0 di Titolare del trattamento sono quelli raccolti durante la navigazione del sito www.farmedico.com e a seguito della compilazione del form presente sul Sito per l\u2019iscrizione ai servizi Farmedico e l\u2019accesso all\u2019 \u201carea riservata\u201d.<\/p>\n<p style=\"font-weight: 400;\">I dati conferiti da Lei direttamente e trattati da Farmedico in qualit\u00e0 di titolare del trattamento sono dati comuni pertinenti alle finalit\u00e0 suindicate, come dati identificativi e di contatto (incluso l\u2019indirizzo IP di accesso al Sito).<\/p>\n<p style=\"font-weight: 400;\">Eventuali dati personali da Lei forniti relativi a soggetti persone fisiche terze, accettando la presente informativa dichiara di essere in possesso di ogni necessaria autorizzazione atta a comunicare tali dati al Titolare del trattamento.<\/p>\n<p style=\"font-weight: 400;\">Farmedico La informa che i dati appartenenti a particolari categorie di dati (c.d. \u201cdati sensibili\u201d, e cio\u00e8 dati relativi allo stato di salute, orientamento sessuale, dati biometrici e in generale le categorie di dati menzionate all\u2019art.9.1 GDPR) eventualmente riportati dal medico\/farmacista e\/o dal paziente nei documenti e nella pagine presenti all\u2019interno dell\u2019area riservata (ad es. nelle ricette caricate dal medico, nel box \u201cDescrizione\u201d del modulo \u201cAppuntamento\u201d, nella sezione \u201cResoconto\u201d dell\u2019area riservata, ecc.) saranno <u>trattati da Farmedico in qualit\u00e0 di titolare del trattamento esclusivamente per consentirle la registrazione della piattaforma e la fruizione dei servizi in essa presenti<\/u>. Resta inteso infatti che Farmedico non tratter\u00e0 tali dati per l\u2019erogazione dei servizi di telemedicina, prestazioni e assistenza medica che saranno di esclusiva responsabilit\u00e0 del medico e\/o farmacista. Per tali ultimi servizi, infatti, il ruolo di Farmedico \u00e8 di responsabile del trattamento. Per il trattamento dei dati particolari la base giuridica adottata \u00e8 quella del consenso (cfr. art. 9.2(a) del GDPR), revocabile in qualsiasi momento. Resta inteso tuttavia che, in caso di revoca del consenso, Farmedico non sar\u00e0 pi\u00f9 in grado di fornirle i servizi in oggetto.<\/p>\n<p style=\"font-weight: 400;\">La informiamo, inoltre, che non verranno mai trattati dati giudiziari e cio\u00e8 dati i relativi a condanne penali e ai reati o a connesse misure di sicurezza.<\/p>\n<ol start=\"6\">\n<li style=\"font-weight: 400;\"><strong> MODIFICHE ALL\u2019INFORMATIVA<\/strong><\/li>\n<\/ol>\n<p style=\"font-weight: 400;\">Questa Informativa sulla Privacy potrebbe subire delle modifiche e degli aggiornamenti, ove venissero apportate delle modifiche al modo con cui trattiamo i Suoi dati o alle altre informazioni fornite con la presente. Le eventuali modifiche garantiranno, in ogni caso, la piena tutela dei Suoi diritti. Prima che il trattamento dei dati personali abbia inizio secondo le nuove modalit\u00e0, verr\u00e0 prontamente informato attraverso i contatti fornitici e Le verr\u00e0 garantito l\u2019esercizio di tutti i diritti previsti dalla legge e regolamenti vigenti.<\/p>\n<p style=\"font-weight: 400;\">Ultimo aggiornamento: febbraio 2024.<\/p>\n","protected":false},"excerpt":{"rendered":"<p>INFORMATIVA AL TRATTAMENTO DEI DATI PERSONALI AI SENSI DEGLI ARTT. 13-14 DEL REG. 679\/2016 DEL SITO WEB WWW.FARMEDICO.COM La societ\u00e0 Farmedico s.r.l., P.IVA: 05909480872, C.F.: 05909480872\u00a0\u00a0 con sede in Catania alla via Francesco Guglielmino, 27, e-mail info@farmedico.com (di seguito il \u201cTitolare\u201d o \u201cFarmedico\u201d) in qualit\u00e0 di Titolare del trattamento \u00e8 lieta di informarLa sull\u2019utilizzo dei [&hellip;]<\/p>\n","protected":false},"author":1,"featured_media":0,"parent":0,"menu_order":0,"comment_status":"closed","ping_status":"open","template":"","meta":{"site-sidebar-layout":"default","site-content-layout":"","ast-site-content-layout":"default","site-content-style":"default","site-sidebar-style":"default","ast-global-header-display":"","ast-banner-title-visibility":"","ast-main-header-display":"","ast-hfb-above-header-display":"","ast-hfb-below-header-display":"","ast-hfb-mobile-header-display":"","site-post-title":"","ast-breadcrumbs-content":"","ast-featured-img":"","footer-sml-layout":"","theme-transparent-header-meta":"","adv-header-id-meta":"","stick-header-meta":"","header-above-stick-meta":"","header-main-stick-meta":"","header-below-stick-meta":"","astra-migrate-meta-layouts":"set","ast-page-background-enabled":"default","ast-page-background-meta":{"desktop":{"background-color":"var(--ast-global-color-4)","background-image":"","background-repeat":"repeat","background-position":"center center","background-size":"auto","background-attachment":"scroll","background-type":"","background-media":"","overlay-type":"","overlay-color":"","overlay-opacity":"","overlay-gradient":""},"tablet":{"background-color":"","background-image":"","background-repeat":"repeat","background-position":"center center","background-size":"auto","background-attachment":"scroll","background-type":"","background-media":"","overlay-type":"","overlay-color":"","overlay-opacity":"","overlay-gradient":""},"mobile":{"background-color":"","background-image":"","background-repeat":"repeat","background-position":"center center","background-size":"auto","background-attachment":"scroll","background-type":"","background-media":"","overlay-type":"","overlay-color":"","overlay-opacity":"","overlay-gradient":""}},"ast-content-background-meta":{"desktop":{"background-color":"var(--ast-global-color-5)","background-image":"","background-repeat":"repeat","background-position":"center center","background-size":"auto","background-attachment":"scroll","background-type":"","background-media":"","overlay-type":"","overlay-color":"","overlay-opacity":"","overlay-gradient":""},"tablet":{"background-color":"var(--ast-global-color-5)","background-image":"","background-repeat":"repeat","background-position":"center center","background-size":"auto","background-attachment":"scroll","background-type":"","background-media":"","overlay-type":"","overlay-color":"","overlay-opacity":"","overlay-gradient":""},"mobile":{"background-color":"var(--ast-global-color-5)","background-image":"","background-repeat":"repeat","background-position":"center center","background-size":"auto","background-attachment":"scroll","background-type":"","background-media":"","overlay-type":"","overlay-color":"","overlay-opacity":"","overlay-gradient":""}},"footnotes":""},"class_list":["post-236","page","type-page","status-publish","hentry"],"_links":{"self":[{"href":"https:\/\/associazioni-stage.justbit.website\/index.php?rest_route=\/wp\/v2\/pages\/236","targetHints":{"allow":["GET"]}}],"collection":[{"href":"https:\/\/associazioni-stage.justbit.website\/index.php?rest_route=\/wp\/v2\/pages"}],"about":[{"href":"https:\/\/associazioni-stage.justbit.website\/index.php?rest_route=\/wp\/v2\/types\/page"}],"author":[{"embeddable":true,"href":"https:\/\/associazioni-stage.justbit.website\/index.php?rest_route=\/wp\/v2\/users\/1"}],"replies":[{"embeddable":true,"href":"https:\/\/associazioni-stage.justbit.website\/index.php?rest_route=%2Fwp%2Fv2%2Fcomments&post=236"}],"version-history":[{"count":9,"href":"https:\/\/associazioni-stage.justbit.website\/index.php?rest_route=\/wp\/v2\/pages\/236\/revisions"}],"predecessor-version":[{"id":1010,"href":"https:\/\/associazioni-stage.justbit.website\/index.php?rest_route=\/wp\/v2\/pages\/236\/revisions\/1010"}],"wp:attachment":[{"href":"https:\/\/associazioni-stage.justbit.website\/index.php?rest_route=%2Fwp%2Fv2%2Fmedia&parent=236"}],"curies":[{"name":"wp","href":"https:\/\/api.w.org\/{rel}","templated":true}]}}